{"id":5212,"date":"2023-11-10T09:38:05","date_gmt":"2023-11-10T08:38:05","guid":{"rendered":"https:\/\/www.supbiotech.fr\/recherche-innovation-biotechnologie\/?page_id=5212"},"modified":"2023-12-06T10:49:59","modified_gmt":"2023-12-06T09:49:59","slug":"jobs","status":"publish","type":"page","link":"https:\/\/www.supbiotech.fr\/recherche-innovation-biotechnologie\/jobs\/","title":{"rendered":"Job board"},"content":{"rendered":"\n<figure class=\"wp-block-table alignwide\"><table><tbody><tr><td><strong>ENSEIGNANT.E-CHERCHEUR.SE en GENIE DES BIOPROCEDES<\/strong> <\/td><\/tr><\/tbody><\/table><\/figure>\n\n\n\n<p><em>SupBiotech est une \u00e9cole d&rsquo;ing\u00e9nieurs sp\u00e9cialis\u00e9e en biotechnologies qui d\u00e9livre une formation pluridisciplinaire en 5 ans. Proche du monde de l&rsquo;entreprise, elle a depuis toujours mis en \u0153uvre de nombreuses innovations, comme la p\u00e9dagogie par projet, l\u2019exp\u00e9rience internationale obligatoire et l\u2019enseignement num\u00e9rique qui permettent \u00e0 nos \u00e9l\u00e8ves de devenir des acteurs cl\u00e9s de l\u2019\u00e9conomie d\u2019aujourd\u2019hui et de demain. La recherche est au c\u0153ur des missions de SupBiotech avec une formation par et pour la recherche, dans l\u2019objectif de s\u2019ins\u00e9rer dans les probl\u00e9matiques d\u2019innovation industrielle. L\u2019axe de recherche portera sur le couplage de l\u2019approche exp\u00e9rimentale et de la mod\u00e9lisation dans une approche multi-\u00e9chelles, depuis la compr\u00e9hension des m\u00e9canismes en jeu jusqu&rsquo;\u00e0 leur mise en \u0153uvre dans des proc\u00e9d\u00e9s \u00e0 l&rsquo;\u00e9chelle industrielle. Cet axe de recherche port\u00e9 par SupBiotech est centr\u00e9 sur la mod\u00e9lisation de la bioproduction sera men\u00e9 en partenariat avec le laboratoire de G\u00e9nie des Proc\u00e9d\u00e9s et Mat\u00e9riaux (LGPM) de l\u2019Ecole CentraleSup\u00e9lec. Ce poste d\u2019Enseignant.e-Chercheur.se est rattach\u00e9 au laboratoire BIRL (Bioinformation Research Laboratory) de SupBiotech.<\/em><\/p>\n\n\n\n<figure class=\"wp-block-table\"><table><tbody><tr><td colspan=\"2\"><strong>FICHE DE POSTE<\/strong><strong><\/strong><\/td><\/tr><tr><td colspan=\"2\"><strong>Enseignant.e-Chercheur.se<\/strong><\/td><\/tr><tr><td>Nature<\/td><td>Recherche et Enseignement<\/td><\/tr><tr><td>Type<\/td><td>Plein-temps<\/td><\/tr><tr><td colspan=\"2\"><strong>EMPLOYEUR<\/strong><strong><\/strong><\/td><\/tr><tr><td>Ecole<\/td><td>SupBiotech <a href=\"https:\/\/www.supbiotech.fr\/\">https:\/\/www.supbiotech.fr<\/a><\/td><\/tr><tr><td>Laboratoire de Recherche<\/td><td>BIRL <a href=\"https:\/\/www.supbiotech.fr\/recherche-innovation-biotechnologie\/laboratoire-birl\/\" target=\"_blank\" rel=\"noreferrer noopener\">https:\/\/www.supbiotech.fr\/recherche-innovation-biotechnologie\/laboratoire-birl\/<\/a><\/td><\/tr><tr><td colspan=\"2\"><strong>MISSIONS ET DESCRIPTION DU POSTE<\/strong> <br><strong>Mots cl\u00e9s : bio\u00e9nergie, processus fermentaires, conduite de bior\u00e9acteurs\/photobior\u00e9acteurs, co-culture, ph\u00e9nom\u00e8nes de transferts, mod\u00e9lisation, contr\u00f4le et automatisme.<\/strong><\/td><\/tr><tr><td colspan=\"2\"><strong>Mission de recherche<\/strong> Le.a candidat.e doit pouvoir d\u00e9montrer une aptitude \u00e0 mener un projet de recherche de mani\u00e8re autonome. Le.a candidat.e doit poss\u00e9der de bonnes qualit\u00e9s de communication, et savoir g\u00e9rer les diff\u00e9rentes \u00e9tapes d\u2019un projet de recherche dans le cadre d\u2019une approche pluridisciplinaire. Il\/Elle devra \u00eatre capable de travailler au sein d\u2019une \u00e9quipe et y jouer un r\u00f4le de <em>leader<\/em> afin de mener \u00e0 bien la coordination d\u2019un projet. L\u2019activit\u00e9 de recherche du\/de la candidat.e sera int\u00e9gr\u00e9e \u00e0 celle du laboratoire BIRL de Biologie Th\u00e9orique et de Bio-Production de SupBiotech, dans le cadre d\u2019un projet collaboratif portant sur la Mod\u00e9lisation, le Contr\u00f4le et l\u2019Automatisation des Bior\u00e9acteurs, partenariat avec l\u2019IPSA, \u00e9cole a\u00e9ronautique du groupe IONIS, et le laboratoire de G\u00e9nie des Proc\u00e9d\u00e9s et Mat\u00e9riaux (LGPM) de l\u2019Ecole CentraleSup\u00e9lec. La mission de recherche consistera \u00e0 d\u00e9velopper et mener un projet de recherche sur la croissance des microorganismes en milieu h\u00e9t\u00e9rog\u00e8ne (par ex. gel) dans le cadre de la production de biogaz (hydrog\u00e8ne, m\u00e9thane) par des proc\u00e9d\u00e9s biologiques. L\u2019Enseignant.e-chercheur.se aura la responsabilit\u00e9 du nouveau laboratoire de bioproc\u00e9d\u00e9s mis en place \u00e0 SupBiotech (Villejuif). <br><strong>Activit\u00e9s de recherche :<\/strong> Concevoir, fabriquer et mettre en \u0153uvre des proc\u00e9d\u00e9s de bio-production pour : \u00c9tudier la dynamique de croissance des micro-organismes en milieu h\u00e9t\u00e9rog\u00e8neOptimiser les rendements et faciliter le contr\u00f4le et l\u2019automatisation des bioproc\u00e9d\u00e9s Mettre en place des capteurs pour l\u2019acquisition des donn\u00e9es Analyser les donn\u00e9es (traitement d\u2019images ou s\u00e9ries temporelles issues des sondes) Valider les mod\u00e8les th\u00e9oriques sur la dynamique de croissance en bior\u00e9acteur Le travail de recherche de l\u2019enseignant.e-chercheur.se sera \u00e9valu\u00e9 sur la base des \u00e9l\u00e9ments suivants&nbsp;: R\u00e9daction et communication des r\u00e9sultats (publication d\u2019articles scientifiques, conf\u00e9rences)Contribution \u00e0 la recherche de financements pour mener \u00e0 bien les activit\u00e9s de rechercheInt\u00e9gration dans le tissu institutionnel et professionnel du domaine <br><strong>Mission d\u2019enseignement :<\/strong> Le candidat ou la candidate retenu(e) participera activement aux enseignements propos\u00e9s dans le cadre du cursus des \u00e9l\u00e8ves-ing\u00e9nieurs de SupBiotech. Les missions principales qui lui seront confi\u00e9es sont : &#8211; Enseigner les bases du G\u00e9nie des Proc\u00e9d\u00e9s (cours, travaux dirig\u00e9s, travaux pratiques) et qui couvrent les th\u00e9matiques suivantes&nbsp;: transferts de mati\u00e8re, transfert thermique, g\u00e9nie de la r\u00e9action, thermodynamique, mod\u00e9lisation et dimensionnement des op\u00e9rations unitaires (dont les bior\u00e9acteurs) \u00e0 hauteur de 192h \u00e9quivalent TD par an &#8211; Il\/Elle participera au syst\u00e8me de tutorat en guidant les \u00e9l\u00e8ves dans leurs projets, le choix de leur cursus et en r\u00e9alisant leur suivi lors des stages. Les enseignements seront assur\u00e9s en anglais. L\u2019\u00e9quipe p\u00e9dagogique est compos\u00e9e de docteurs en sciences, d\u2019industriels et de professeurs g\u00e9n\u00e9ralistes, ils apportent leur exp\u00e9rience dans un esprit de proximit\u00e9 et d\u2019efficacit\u00e9. Une exp\u00e9rience en enseignement et un Anglais courant sont demand\u00e9s. &nbsp; &nbsp; &nbsp;<\/td><\/tr><tr><td colspan=\"2\"><strong>PROFIL<\/strong><strong><\/strong><\/td><\/tr><tr><td colspan=\"2\">Ce poste s\u2019adresse \u00e0 un candidat titulaire d\u2019un doctorat en G\u00e9nie des (bio)Proc\u00e9d\u00e9s, G\u00e9nie Chimique ou Biotechnologie industrielle. Une ou plusieurs comp\u00e9tences transverses dans les domaines suivants seront appr\u00e9ci\u00e9es :<br> \u2022 Automatisme \/ Mod\u00e9lisation \/ Simulations \/ Science de la Donn\u00e9e <br>\u2022 Processus redox \/ Ecologie microbienne \/ Biofilm<br> \u2022 Biocatalyse \/ Electrochimie \/ Science des Polym\u00e8res \/ Rh\u00e9ologie <br><br>Le\/la candidat.e doit avoir contribu\u00e9 activement \u00e0 des projets de recherche publi\u00e9s (en tant que premier auteur). Une exp\u00e9rience dans l\u2019industrie ou le secteur priv\u00e9 ainsi qu\u2019une exp\u00e9rience en enseignement sup\u00e9rieur (ATER\u2026) sera un plus. &nbsp;<\/td><\/tr><\/tbody><\/table><\/figure>\n\n\n\n<div class=\"wp-block-buttons alignwide is-content-justification-center is-layout-flex wp-container-core-buttons-is-layout-a89b3969 wp-block-buttons-is-layout-flex\">\n<div class=\"wp-block-button\"><a class=\"wp-block-button__link has-text-align-center wp-element-button\" href=\"https:\/\/forms.office.com\/Pages\/ResponsePage.aspx?id=TOVThl19SECwpqlQ-B1fl-UNJnDxQ7JLulBhJ-cJN_ZUOVlWTDhWV0hLUjZNVEE0UDExVzc2QzRVVyQlQCN0PWcu\" target=\"_blank\" rel=\"noreferrer noopener\">CANDIDATURE<\/a><\/div>\n\n\n\n<div class=\"wp-block-button\"><a class=\"wp-block-button__link wp-element-button\" href=\"https:\/\/www.supbiotech.fr\/recherche-innovation-biotechnologie\/wp-content\/uploads\/2021\/07\/Fiche-Poste-EC-Bioproduction_24.pdf\" target=\"_blank\" rel=\"noreferrer noopener\">FICHE DE POSTE (PDF)<\/a><\/div>\n<\/div>\n\n\n\n<p><\/p>\n","protected":false},"excerpt":{"rendered":"<p>ENSEIGNANT.E-CHERCHEUR.SE en GENIE DES BIOPROCEDES SupBiotech est une \u00e9cole d&rsquo;ing\u00e9nieurs sp\u00e9cialis\u00e9e en biotechnologies qui d\u00e9livre une formation pluridisciplinaire en 5 ans. Proche du monde de l&rsquo;entreprise, elle a depuis toujours mis en \u0153uvre de nombreuses innovations, comme la p\u00e9dagogie par projet, l\u2019exp\u00e9rience internationale obligatoire et l\u2019enseignement num\u00e9rique qui permettent \u00e0 nos \u00e9l\u00e8ves de devenir des [&hellip;]<\/p>\n","protected":false},"author":7,"featured_media":0,"parent":0,"menu_order":0,"comment_status":"closed","ping_status":"closed","template":"banner-fil-dariane","meta":{"_acf_changed":false,"footnotes":""},"class_list":["post-5212","page","type-page","status-publish","hentry"],"acf":[],"yoast_head":"<!-- This site is optimized with the Yoast SEO Premium plugin v27.2 (Yoast SEO v27.2) - https:\/\/yoast.com\/product\/yoast-seo-premium-wordpress\/ -->\n<title>Job board - La recherche \u00e0 SupBiotech<\/title>\n<meta name=\"robots\" content=\"index, follow, max-snippet:-1, max-image-preview:large, max-video-preview:-1\" \/>\n<link rel=\"canonical\" href=\"https:\/\/www.supbiotech.fr\/recherche-innovation-biotechnologie\/jobs\/\" \/>\n<meta property=\"og:locale\" content=\"fr_FR\" \/>\n<meta property=\"og:type\" content=\"article\" \/>\n<meta property=\"og:title\" content=\"Job board\" \/>\n<meta property=\"og:description\" content=\"ENSEIGNANT.E-CHERCHEUR.SE en GENIE DES BIOPROCEDES SupBiotech est une \u00e9cole d&rsquo;ing\u00e9nieurs sp\u00e9cialis\u00e9e en biotechnologies qui d\u00e9livre une formation pluridisciplinaire en 5 ans. Proche du monde de l&rsquo;entreprise, elle a depuis toujours mis en \u0153uvre de nombreuses innovations, comme la p\u00e9dagogie par projet, l\u2019exp\u00e9rience internationale obligatoire et l\u2019enseignement num\u00e9rique qui permettent \u00e0 nos \u00e9l\u00e8ves de devenir des [&hellip;]\" \/>\n<meta property=\"og:url\" content=\"https:\/\/www.supbiotech.fr\/recherche-innovation-biotechnologie\/jobs\/\" \/>\n<meta property=\"og:site_name\" content=\"La recherche \u00e0 SupBiotech\" \/>\n<meta property=\"article:modified_time\" content=\"2023-12-06T09:49:59+00:00\" \/>\n<meta name=\"twitter:card\" content=\"summary_large_image\" \/>\n<meta name=\"twitter:label1\" content=\"Dur\u00e9e de lecture estim\u00e9e\" \/>\n\t<meta name=\"twitter:data1\" content=\"4 minutes\" \/>\n<script type=\"application\/ld+json\" class=\"yoast-schema-graph\">{\"@context\":\"https:\/\/schema.org\",\"@graph\":[{\"@type\":\"WebPage\",\"@id\":\"https:\/\/www.supbiotech.fr\/recherche-innovation-biotechnologie\/jobs\/\",\"url\":\"https:\/\/www.supbiotech.fr\/recherche-innovation-biotechnologie\/jobs\/\",\"name\":\"Job board - La recherche \u00e0 SupBiotech\",\"isPartOf\":{\"@id\":\"https:\/\/www.supbiotech.fr\/recherche-innovation-biotechnologie\/#website\"},\"datePublished\":\"2023-11-10T08:38:05+00:00\",\"dateModified\":\"2023-12-06T09:49:59+00:00\",\"breadcrumb\":{\"@id\":\"https:\/\/www.supbiotech.fr\/recherche-innovation-biotechnologie\/jobs\/#breadcrumb\"},\"inLanguage\":\"fr-FR\",\"potentialAction\":[{\"@type\":\"ReadAction\",\"target\":[\"https:\/\/www.supbiotech.fr\/recherche-innovation-biotechnologie\/jobs\/\"]}]},{\"@type\":\"BreadcrumbList\",\"@id\":\"https:\/\/www.supbiotech.fr\/recherche-innovation-biotechnologie\/jobs\/#breadcrumb\",\"itemListElement\":[{\"@type\":\"ListItem\",\"position\":1,\"name\":\"Home\",\"item\":\"https:\/\/www.supbiotech.fr\/recherche-innovation-biotechnologie\/\"},{\"@type\":\"ListItem\",\"position\":2,\"name\":\"Job board\"}]},{\"@type\":\"WebSite\",\"@id\":\"https:\/\/www.supbiotech.fr\/recherche-innovation-biotechnologie\/#website\",\"url\":\"https:\/\/www.supbiotech.fr\/recherche-innovation-biotechnologie\/\",\"name\":\"La recherche \u00e0 SupBiotech\",\"description\":\"\",\"publisher\":{\"@id\":\"https:\/\/www.supbiotech.fr\/recherche-innovation-biotechnologie\/#organization\"},\"potentialAction\":[{\"@type\":\"SearchAction\",\"target\":{\"@type\":\"EntryPoint\",\"urlTemplate\":\"https:\/\/www.supbiotech.fr\/recherche-innovation-biotechnologie\/?s={search_term_string}\"},\"query-input\":{\"@type\":\"PropertyValueSpecification\",\"valueRequired\":true,\"valueName\":\"search_term_string\"}}],\"inLanguage\":\"fr-FR\"},{\"@type\":\"Organization\",\"@id\":\"https:\/\/www.supbiotech.fr\/recherche-innovation-biotechnologie\/#organization\",\"name\":\"La recherche \u00e0 SupBiotech\",\"url\":\"https:\/\/www.supbiotech.fr\/recherche-innovation-biotechnologie\/\",\"logo\":{\"@type\":\"ImageObject\",\"inLanguage\":\"fr-FR\",\"@id\":\"https:\/\/www.supbiotech.fr\/recherche-innovation-biotechnologie\/#\/schema\/logo\/image\/\",\"url\":\"https:\/\/www.supbiotech.fr\/recherche-innovation-biotechnologie\/wp-content\/uploads\/2024\/02\/Logo-SupBiotech.png\",\"contentUrl\":\"https:\/\/www.supbiotech.fr\/recherche-innovation-biotechnologie\/wp-content\/uploads\/2024\/02\/Logo-SupBiotech.png\",\"width\":350,\"height\":164,\"caption\":\"La recherche \u00e0 SupBiotech\"},\"image\":{\"@id\":\"https:\/\/www.supbiotech.fr\/recherche-innovation-biotechnologie\/#\/schema\/logo\/image\/\"}}]}<\/script>\n<!-- \/ Yoast SEO Premium plugin. -->","yoast_head_json":{"title":"Job board - La recherche \u00e0 SupBiotech","robots":{"index":"index","follow":"follow","max-snippet":"max-snippet:-1","max-image-preview":"max-image-preview:large","max-video-preview":"max-video-preview:-1"},"canonical":"https:\/\/www.supbiotech.fr\/recherche-innovation-biotechnologie\/jobs\/","og_locale":"fr_FR","og_type":"article","og_title":"Job board","og_description":"ENSEIGNANT.E-CHERCHEUR.SE en GENIE DES BIOPROCEDES SupBiotech est une \u00e9cole d&rsquo;ing\u00e9nieurs sp\u00e9cialis\u00e9e en biotechnologies qui d\u00e9livre une formation pluridisciplinaire en 5 ans. Proche du monde de l&rsquo;entreprise, elle a depuis toujours mis en \u0153uvre de nombreuses innovations, comme la p\u00e9dagogie par projet, l\u2019exp\u00e9rience internationale obligatoire et l\u2019enseignement num\u00e9rique qui permettent \u00e0 nos \u00e9l\u00e8ves de devenir des [&hellip;]","og_url":"https:\/\/www.supbiotech.fr\/recherche-innovation-biotechnologie\/jobs\/","og_site_name":"La recherche \u00e0 SupBiotech","article_modified_time":"2023-12-06T09:49:59+00:00","twitter_card":"summary_large_image","twitter_misc":{"Dur\u00e9e de lecture estim\u00e9e":"4 minutes"},"schema":{"@context":"https:\/\/schema.org","@graph":[{"@type":"WebPage","@id":"https:\/\/www.supbiotech.fr\/recherche-innovation-biotechnologie\/jobs\/","url":"https:\/\/www.supbiotech.fr\/recherche-innovation-biotechnologie\/jobs\/","name":"Job board - La recherche \u00e0 SupBiotech","isPartOf":{"@id":"https:\/\/www.supbiotech.fr\/recherche-innovation-biotechnologie\/#website"},"datePublished":"2023-11-10T08:38:05+00:00","dateModified":"2023-12-06T09:49:59+00:00","breadcrumb":{"@id":"https:\/\/www.supbiotech.fr\/recherche-innovation-biotechnologie\/jobs\/#breadcrumb"},"inLanguage":"fr-FR","potentialAction":[{"@type":"ReadAction","target":["https:\/\/www.supbiotech.fr\/recherche-innovation-biotechnologie\/jobs\/"]}]},{"@type":"BreadcrumbList","@id":"https:\/\/www.supbiotech.fr\/recherche-innovation-biotechnologie\/jobs\/#breadcrumb","itemListElement":[{"@type":"ListItem","position":1,"name":"Home","item":"https:\/\/www.supbiotech.fr\/recherche-innovation-biotechnologie\/"},{"@type":"ListItem","position":2,"name":"Job board"}]},{"@type":"WebSite","@id":"https:\/\/www.supbiotech.fr\/recherche-innovation-biotechnologie\/#website","url":"https:\/\/www.supbiotech.fr\/recherche-innovation-biotechnologie\/","name":"La recherche \u00e0 SupBiotech","description":"","publisher":{"@id":"https:\/\/www.supbiotech.fr\/recherche-innovation-biotechnologie\/#organization"},"potentialAction":[{"@type":"SearchAction","target":{"@type":"EntryPoint","urlTemplate":"https:\/\/www.supbiotech.fr\/recherche-innovation-biotechnologie\/?s={search_term_string}"},"query-input":{"@type":"PropertyValueSpecification","valueRequired":true,"valueName":"search_term_string"}}],"inLanguage":"fr-FR"},{"@type":"Organization","@id":"https:\/\/www.supbiotech.fr\/recherche-innovation-biotechnologie\/#organization","name":"La recherche \u00e0 SupBiotech","url":"https:\/\/www.supbiotech.fr\/recherche-innovation-biotechnologie\/","logo":{"@type":"ImageObject","inLanguage":"fr-FR","@id":"https:\/\/www.supbiotech.fr\/recherche-innovation-biotechnologie\/#\/schema\/logo\/image\/","url":"https:\/\/www.supbiotech.fr\/recherche-innovation-biotechnologie\/wp-content\/uploads\/2024\/02\/Logo-SupBiotech.png","contentUrl":"https:\/\/www.supbiotech.fr\/recherche-innovation-biotechnologie\/wp-content\/uploads\/2024\/02\/Logo-SupBiotech.png","width":350,"height":164,"caption":"La recherche \u00e0 SupBiotech"},"image":{"@id":"https:\/\/www.supbiotech.fr\/recherche-innovation-biotechnologie\/#\/schema\/logo\/image\/"}}]}},"_links":{"self":[{"href":"https:\/\/www.supbiotech.fr\/recherche-innovation-biotechnologie\/wp-json\/wp\/v2\/pages\/5212","targetHints":{"allow":["GET"]}}],"collection":[{"href":"https:\/\/www.supbiotech.fr\/recherche-innovation-biotechnologie\/wp-json\/wp\/v2\/pages"}],"about":[{"href":"https:\/\/www.supbiotech.fr\/recherche-innovation-biotechnologie\/wp-json\/wp\/v2\/types\/page"}],"author":[{"embeddable":true,"href":"https:\/\/www.supbiotech.fr\/recherche-innovation-biotechnologie\/wp-json\/wp\/v2\/users\/7"}],"replies":[{"embeddable":true,"href":"https:\/\/www.supbiotech.fr\/recherche-innovation-biotechnologie\/wp-json\/wp\/v2\/comments?post=5212"}],"version-history":[{"count":5,"href":"https:\/\/www.supbiotech.fr\/recherche-innovation-biotechnologie\/wp-json\/wp\/v2\/pages\/5212\/revisions"}],"predecessor-version":[{"id":5222,"href":"https:\/\/www.supbiotech.fr\/recherche-innovation-biotechnologie\/wp-json\/wp\/v2\/pages\/5212\/revisions\/5222"}],"wp:attachment":[{"href":"https:\/\/www.supbiotech.fr\/recherche-innovation-biotechnologie\/wp-json\/wp\/v2\/media?parent=5212"}],"curies":[{"name":"wp","href":"https:\/\/api.w.org\/{rel}","templated":true}]}}