{"id":523,"date":"2017-08-09T05:05:15","date_gmt":"2017-08-09T03:05:15","guid":{"rendered":"http:\/\/rushmore.wpcolorlab.com\/?page_id=523"},"modified":"2023-09-18T21:10:42","modified_gmt":"2023-09-18T19:10:42","slug":"etudiants","status":"publish","type":"page","link":"https:\/\/www.supbiotech.fr\/recherche-innovation-biotechnologie\/etudiants\/","title":{"rendered":"Vous \u00eates \u00e9tudiant ?"},"content":{"rendered":"<style type=\"text\/css\">@media only screen and (min-width: 1000px) and (max-width: 5000px){body.kc-css-system .kc-css-3988223{width: 55%;}body.kc-css-system .kc-css-1195630{width: 44.96%;}body.kc-css-system .kc-css-2048940{width: 100%;}body.kc-css-system .kc-css-2538533{width: 100%;}}body.kc-css-system .kc-css-3675813 p{margin-bottom: 45px;}body.kc-css-system .kc-css-4277756{padding-top: 55px;padding-bottom: 55px;}body.kc-css-system .kc-css-2014436 img{margin-bottom: 17px;}body.kc-css-system .kc-css-1195630{background: #edf2f6;}body.kc-css-system .kc-css-339537 p{margin-top: 35px;margin-bottom: 25px;}body.kc-css-system .kc-css-3449734.btn-action{text-align: right;}body.kc-css-system .kc-css-265057{margin-bottom: 55px;}body.kc-css-system .kc-css-4267356.kc_title,body.kc-css-system .kc-css-4267356 .kc_title,body.kc-css-system .kc-css-4267356 .kc_title a.kc_title_link{font-size: 16px;}@media only screen and (max-width: 767px){body.kc-css-system .kc-css-1195630{padding-top: 20px;}}<\/style>\n<section class=\"kc-elm kc-css-231318 kc_row\">\n<div class=\"kc-row-container  kc-container\">\n<div class=\"kc-wrap-columns\">\n<div class=\"kc-elm kc-css-853386 kc_col-sm-12 kc_column kc_col-sm-12\">\n<div class=\"kc-col-container\">\n<div class=\"kc-elm kc-css-3675813 kc_text_block\">\n<h2>!Vous \u00eates \u00e9tudiant ? Acc\u00e9dez \u00e0 des conseils et des contenus sp\u00e9cifiques et abonnez-vous \u00e0 notre newsletter !<\/h2>\n<\/div>\n<\/div>\n<\/div>\n<\/div>\n<\/div>\n<\/section>\n<section class=\"kc-elm kc-css-4277756 kc_row\">\n<div class=\"kc-row-container  kc-container\">\n<div class=\"kc-wrap-columns\">\n<div class=\"kc-elm kc-css-3988223 kc_col-sm-7 kc_column kc_col-sm-7\">\n<div class=\"kc-col-container\">\n<div class=\"kc-elm kc-css-2014436 kc_shortcode kc_single_image\">\n<p><img decoding=\"async\" class=\"img-responsive\" src=\"https:\/\/www.supbiotech.fr\/recherche-innovation-biotechnologie\/wp-content\/uploads\/2017\/08\/futuremember-fig.jpg\" alt=\"\" \/><\/p>\n<\/div>\n<\/div>\n<\/div>\n<div class=\"kc-elm kc-css-1195630 kc_col-sm-5 kc_column kc_col-sm-5\">\n<div class=\"kc-col-container\">\n<div class=\"kc-elm kc-css-339537 kc_text_block\">\n<p>Pour :<\/p>\n<ul>\n<li>Acc\u00e9der \u00e0 votre abonnement \u00e0 Nature Publishing Group (liste des revues incluses dans l&rsquo;abonnement)<\/li>\n<li>Ecrire \u00e0 un auteur d&rsquo;article<\/li>\n<li>Acc\u00e9der aux biblioth\u00e8ques publiques scientifiques<\/li>\n<li>Consulter les annuaires acad\u00e9miques et industriels (Inserm, CNRS&#8230;.)<\/li>\n<\/ul>\n<\/div>\n<div class=\"kc-elm kc-css-1527573 kc_row kc_row_inner\">\n<div class=\"kc-elm kc-css-2048940 kc_col-sm-12 kc_column_inner kc_col-sm-12\">\n<div class=\"kc_wrapper kc-col-inner-container\"><a class=\"btn btn-action btn-gules kc-elm kc-css-3449734\" title=\"\" href=\"https:\/\/supbiotechfr-my.sharepoint.com\/:b:\/g\/personal\/frank_yates_supbiotech_fr\/ES0SsHzjSf1Ojf0A6wyzUd4BCIBgjNE7E006dLBLI7IzQw?e=Acr5lH\" target=\"_self\" rel=\"noopener\">Cliquez ici<\/a><\/div>\n<\/div>\n<\/div>\n<\/div>\n<\/div>\n<\/div>\n<\/div>\n<\/section>\n<section class=\"kc-elm kc-css-265057 kc_row\">\n<div class=\"kc-row-container  kc-container\">\n<div class=\"kc-wrap-columns\">\n<div class=\"kc-elm kc-css-2538533 kc_col-sm-12 kc_column kc_col-sm-12\">\n<div class=\"kc-col-container\">\n<div class=\"kc-elm kc-css-4267356 kc-title-wrap \">\n<h3 class=\"kc_title\">Tenez-vous au courant de l&rsquo;actualit\u00e9, des entreprises et des stages en vous inscrivant \u00e0 notre newsletter :<\/h3>\n<\/div>\n<div class=\"kc-contact-form7 kc-elm kc-css-1420485\">\n<div id=\"wpcf7-f2406-o2\" class=\"wpcf7\" dir=\"ltr\" lang=\"en-US\" role=\"form\">\n<div class=\"screen-reader-response\"><\/div>\n<form class=\"wpcf7-form\" action=\"\/wp-admin\/post.php#wpcf7-f2406-o2\" method=\"post\" novalidate=\"novalidate\">\n<div style=\"display: none;\"><input name=\"_wpcf7\" type=\"hidden\" value=\"2406\" \/><br \/>\n<input name=\"_wpcf7_version\" type=\"hidden\" value=\"5.1.1\" \/><br \/>\n<input name=\"_wpcf7_locale\" type=\"hidden\" value=\"en_US\" \/><br \/>\n<input name=\"_wpcf7_unit_tag\" type=\"hidden\" value=\"wpcf7-f2406-o2\" \/><br \/>\n<input name=\"_wpcf7_container_post\" type=\"hidden\" value=\"0\" \/><br \/>\n<input name=\"g-recaptcha-response\" type=\"hidden\" value=\"\" \/><\/div>\n<div class=\"form-future_memb\">\n<div class=\"form-group\"><label for=\"futureName\">Nom<\/label><br \/>\n<span class=\"wpcf7-form-control-wrap fullName\"><input id=\"futureName\" class=\"wpcf7-form-control wpcf7-text wpcf7-validates-as-required form-control\" name=\"fullName\" size=\"40\" type=\"text\" value=\"\" placeholder=\"Saisir votre nom\" aria-required=\"true\" aria-invalid=\"false\" \/><\/span><\/div>\n<div class=\"form-group\"><label for=\"InputEmail\">Email<\/label><br \/>\n<span class=\"wpcf7-form-control-wrap email\"><input id=\"InputEmail\" class=\"wpcf7-form-control wpcf7-text wpcf7-email wpcf7-validates-as-required wpcf7-validates-as-email form-control\" name=\"email\" size=\"40\" type=\"email\" value=\"\" placeholder=\"Saisir votre adresse email\" aria-required=\"true\" aria-invalid=\"false\" \/><\/span><\/div>\n<div class=\"form-group\"><label for=\"Inputphone\">T\u00e9l\u00e9phone<\/label><br \/>\n<span class=\"wpcf7-form-control-wrap contact_num\"><input id=\"Inputphone\" class=\"wpcf7-form-control wpcf7-text wpcf7-tel wpcf7-validates-as-tel form-control\" name=\"contact_num\" size=\"40\" type=\"tel\" value=\"\" placeholder=\"Saisir votre num\u00e9ro de t\u00e9l\u00e9phone\" aria-invalid=\"false\" \/><\/span><\/div>\n<div class=\"form-group\"><label for=\"InputMessage\">Message<\/label><br \/>\n<span class=\"wpcf7-form-control-wrap message\"><textarea id=\"InputMessage\" class=\"wpcf7-form-control wpcf7-textarea wpcf7-validates-as-required form-control\" cols=\"40\" name=\"message\" rows=\"10\" placeholder=\"Laissez nous votre message\" aria-required=\"true\" aria-invalid=\"false\"><\/textarea><\/span><\/div>\n<div class=\"form-group\"><input class=\"wpcf7-form-control wpcf7-submit btn btn-gules\" type=\"submit\" value=\"ENVOYER\" \/><\/div>\n<\/div>\n<div class=\"wpcf7-response-output wpcf7-display-none\"><\/div>\n<\/form>\n<\/div>\n<\/div>\n<\/div>\n<\/div>\n<\/div>\n<\/div>\n<\/section>\n","protected":false},"excerpt":{"rendered":"<p>!Vous \u00eates \u00e9tudiant ? Acc\u00e9dez \u00e0 des conseils et des contenus sp\u00e9cifiques et abonnez-vous \u00e0 notre newsletter ! Pour : Acc\u00e9der \u00e0 votre abonnement \u00e0 Nature Publishing Group (liste des revues incluses dans l&rsquo;abonnement) Ecrire \u00e0 un auteur d&rsquo;article Acc\u00e9der aux biblioth\u00e8ques publiques scientifiques Consulter les annuaires acad\u00e9miques et industriels (Inserm, CNRS&#8230;.) Cliquez ici Tenez-vous [&hellip;]<\/p>\n","protected":false},"author":1,"featured_media":252,"parent":0,"menu_order":0,"comment_status":"closed","ping_status":"closed","template":"","meta":{"_acf_changed":false,"footnotes":""},"class_list":["post-523","page","type-page","status-publish","has-post-thumbnail","hentry"],"acf":[],"yoast_head":"<!-- This site is optimized with the Yoast SEO Premium plugin v27.2 (Yoast SEO v27.2) - https:\/\/yoast.com\/product\/yoast-seo-premium-wordpress\/ -->\n<title>Vous \u00eates \u00e9tudiant ? - La recherche \u00e0 SupBiotech<\/title>\n<meta name=\"robots\" content=\"index, follow, max-snippet:-1, max-image-preview:large, max-video-preview:-1\" \/>\n<link rel=\"canonical\" href=\"https:\/\/www.supbiotech.fr\/recherche-innovation-biotechnologie\/etudiants\/\" \/>\n<meta property=\"og:locale\" content=\"fr_FR\" \/>\n<meta property=\"og:type\" content=\"article\" \/>\n<meta property=\"og:title\" content=\"Vous \u00eates \u00e9tudiant ?\" \/>\n<meta property=\"og:description\" content=\"!Vous \u00eates \u00e9tudiant ? Acc\u00e9dez \u00e0 des conseils et des contenus sp\u00e9cifiques et abonnez-vous \u00e0 notre newsletter ! Pour : Acc\u00e9der \u00e0 votre abonnement \u00e0 Nature Publishing Group (liste des revues incluses dans l&rsquo;abonnement) Ecrire \u00e0 un auteur d&rsquo;article Acc\u00e9der aux biblioth\u00e8ques publiques scientifiques Consulter les annuaires acad\u00e9miques et industriels (Inserm, CNRS&#8230;.) Cliquez ici Tenez-vous [&hellip;]\" \/>\n<meta property=\"og:url\" content=\"https:\/\/www.supbiotech.fr\/recherche-innovation-biotechnologie\/etudiants\/\" \/>\n<meta property=\"og:site_name\" content=\"La recherche \u00e0 SupBiotech\" \/>\n<meta property=\"article:modified_time\" content=\"2023-09-18T19:10:42+00:00\" \/>\n<meta property=\"og:image\" content=\"https:\/\/www.supbiotech.fr\/recherche-innovation-biotechnologie\/wp-content\/uploads\/2017\/08\/future_member.jpg\" \/>\n\t<meta property=\"og:image:width\" content=\"1924\" \/>\n\t<meta property=\"og:image:height\" content=\"225\" \/>\n\t<meta property=\"og:image:type\" content=\"image\/jpeg\" \/>\n<meta name=\"twitter:card\" content=\"summary_large_image\" \/>\n<meta name=\"twitter:label1\" content=\"Dur\u00e9e de lecture estim\u00e9e\" \/>\n\t<meta name=\"twitter:data1\" content=\"1 minute\" \/>\n<script type=\"application\/ld+json\" class=\"yoast-schema-graph\">{\"@context\":\"https:\/\/schema.org\",\"@graph\":[{\"@type\":\"WebPage\",\"@id\":\"https:\/\/www.supbiotech.fr\/recherche-innovation-biotechnologie\/etudiants\/\",\"url\":\"https:\/\/www.supbiotech.fr\/recherche-innovation-biotechnologie\/etudiants\/\",\"name\":\"Vous \u00eates \u00e9tudiant ? - La recherche \u00e0 SupBiotech\",\"isPartOf\":{\"@id\":\"https:\/\/www.supbiotech.fr\/recherche-innovation-biotechnologie\/#website\"},\"primaryImageOfPage\":{\"@id\":\"https:\/\/www.supbiotech.fr\/recherche-innovation-biotechnologie\/etudiants\/#primaryimage\"},\"image\":{\"@id\":\"https:\/\/www.supbiotech.fr\/recherche-innovation-biotechnologie\/etudiants\/#primaryimage\"},\"thumbnailUrl\":\"https:\/\/www.supbiotech.fr\/recherche-innovation-biotechnologie\/wp-content\/uploads\/2017\/08\/future_member.jpg\",\"datePublished\":\"2017-08-09T03:05:15+00:00\",\"dateModified\":\"2023-09-18T19:10:42+00:00\",\"breadcrumb\":{\"@id\":\"https:\/\/www.supbiotech.fr\/recherche-innovation-biotechnologie\/etudiants\/#breadcrumb\"},\"inLanguage\":\"fr-FR\",\"potentialAction\":[{\"@type\":\"ReadAction\",\"target\":[\"https:\/\/www.supbiotech.fr\/recherche-innovation-biotechnologie\/etudiants\/\"]}]},{\"@type\":\"ImageObject\",\"inLanguage\":\"fr-FR\",\"@id\":\"https:\/\/www.supbiotech.fr\/recherche-innovation-biotechnologie\/etudiants\/#primaryimage\",\"url\":\"https:\/\/www.supbiotech.fr\/recherche-innovation-biotechnologie\/wp-content\/uploads\/2017\/08\/future_member.jpg\",\"contentUrl\":\"https:\/\/www.supbiotech.fr\/recherche-innovation-biotechnologie\/wp-content\/uploads\/2017\/08\/future_member.jpg\",\"width\":1924,\"height\":225},{\"@type\":\"BreadcrumbList\",\"@id\":\"https:\/\/www.supbiotech.fr\/recherche-innovation-biotechnologie\/etudiants\/#breadcrumb\",\"itemListElement\":[{\"@type\":\"ListItem\",\"position\":1,\"name\":\"Home\",\"item\":\"https:\/\/www.supbiotech.fr\/recherche-innovation-biotechnologie\/\"},{\"@type\":\"ListItem\",\"position\":2,\"name\":\"Vous \u00eates \u00e9tudiant ?\"}]},{\"@type\":\"WebSite\",\"@id\":\"https:\/\/www.supbiotech.fr\/recherche-innovation-biotechnologie\/#website\",\"url\":\"https:\/\/www.supbiotech.fr\/recherche-innovation-biotechnologie\/\",\"name\":\"La recherche \u00e0 SupBiotech\",\"description\":\"\",\"publisher\":{\"@id\":\"https:\/\/www.supbiotech.fr\/recherche-innovation-biotechnologie\/#organization\"},\"potentialAction\":[{\"@type\":\"SearchAction\",\"target\":{\"@type\":\"EntryPoint\",\"urlTemplate\":\"https:\/\/www.supbiotech.fr\/recherche-innovation-biotechnologie\/?s={search_term_string}\"},\"query-input\":{\"@type\":\"PropertyValueSpecification\",\"valueRequired\":true,\"valueName\":\"search_term_string\"}}],\"inLanguage\":\"fr-FR\"},{\"@type\":\"Organization\",\"@id\":\"https:\/\/www.supbiotech.fr\/recherche-innovation-biotechnologie\/#organization\",\"name\":\"La recherche \u00e0 SupBiotech\",\"url\":\"https:\/\/www.supbiotech.fr\/recherche-innovation-biotechnologie\/\",\"logo\":{\"@type\":\"ImageObject\",\"inLanguage\":\"fr-FR\",\"@id\":\"https:\/\/www.supbiotech.fr\/recherche-innovation-biotechnologie\/#\/schema\/logo\/image\/\",\"url\":\"https:\/\/www.supbiotech.fr\/recherche-innovation-biotechnologie\/wp-content\/uploads\/2024\/02\/Logo-SupBiotech.png\",\"contentUrl\":\"https:\/\/www.supbiotech.fr\/recherche-innovation-biotechnologie\/wp-content\/uploads\/2024\/02\/Logo-SupBiotech.png\",\"width\":350,\"height\":164,\"caption\":\"La recherche \u00e0 SupBiotech\"},\"image\":{\"@id\":\"https:\/\/www.supbiotech.fr\/recherche-innovation-biotechnologie\/#\/schema\/logo\/image\/\"}}]}<\/script>\n<!-- \/ Yoast SEO Premium plugin. -->","yoast_head_json":{"title":"Vous \u00eates \u00e9tudiant ? - La recherche \u00e0 SupBiotech","robots":{"index":"index","follow":"follow","max-snippet":"max-snippet:-1","max-image-preview":"max-image-preview:large","max-video-preview":"max-video-preview:-1"},"canonical":"https:\/\/www.supbiotech.fr\/recherche-innovation-biotechnologie\/etudiants\/","og_locale":"fr_FR","og_type":"article","og_title":"Vous \u00eates \u00e9tudiant ?","og_description":"!Vous \u00eates \u00e9tudiant ? Acc\u00e9dez \u00e0 des conseils et des contenus sp\u00e9cifiques et abonnez-vous \u00e0 notre newsletter ! Pour : Acc\u00e9der \u00e0 votre abonnement \u00e0 Nature Publishing Group (liste des revues incluses dans l&rsquo;abonnement) Ecrire \u00e0 un auteur d&rsquo;article Acc\u00e9der aux biblioth\u00e8ques publiques scientifiques Consulter les annuaires acad\u00e9miques et industriels (Inserm, CNRS&#8230;.) Cliquez ici Tenez-vous [&hellip;]","og_url":"https:\/\/www.supbiotech.fr\/recherche-innovation-biotechnologie\/etudiants\/","og_site_name":"La recherche \u00e0 SupBiotech","article_modified_time":"2023-09-18T19:10:42+00:00","og_image":[{"width":1924,"height":225,"url":"https:\/\/www.supbiotech.fr\/recherche-innovation-biotechnologie\/wp-content\/uploads\/2017\/08\/future_member.jpg","type":"image\/jpeg"}],"twitter_card":"summary_large_image","twitter_misc":{"Dur\u00e9e de lecture estim\u00e9e":"1 minute"},"schema":{"@context":"https:\/\/schema.org","@graph":[{"@type":"WebPage","@id":"https:\/\/www.supbiotech.fr\/recherche-innovation-biotechnologie\/etudiants\/","url":"https:\/\/www.supbiotech.fr\/recherche-innovation-biotechnologie\/etudiants\/","name":"Vous \u00eates \u00e9tudiant ? - La recherche \u00e0 SupBiotech","isPartOf":{"@id":"https:\/\/www.supbiotech.fr\/recherche-innovation-biotechnologie\/#website"},"primaryImageOfPage":{"@id":"https:\/\/www.supbiotech.fr\/recherche-innovation-biotechnologie\/etudiants\/#primaryimage"},"image":{"@id":"https:\/\/www.supbiotech.fr\/recherche-innovation-biotechnologie\/etudiants\/#primaryimage"},"thumbnailUrl":"https:\/\/www.supbiotech.fr\/recherche-innovation-biotechnologie\/wp-content\/uploads\/2017\/08\/future_member.jpg","datePublished":"2017-08-09T03:05:15+00:00","dateModified":"2023-09-18T19:10:42+00:00","breadcrumb":{"@id":"https:\/\/www.supbiotech.fr\/recherche-innovation-biotechnologie\/etudiants\/#breadcrumb"},"inLanguage":"fr-FR","potentialAction":[{"@type":"ReadAction","target":["https:\/\/www.supbiotech.fr\/recherche-innovation-biotechnologie\/etudiants\/"]}]},{"@type":"ImageObject","inLanguage":"fr-FR","@id":"https:\/\/www.supbiotech.fr\/recherche-innovation-biotechnologie\/etudiants\/#primaryimage","url":"https:\/\/www.supbiotech.fr\/recherche-innovation-biotechnologie\/wp-content\/uploads\/2017\/08\/future_member.jpg","contentUrl":"https:\/\/www.supbiotech.fr\/recherche-innovation-biotechnologie\/wp-content\/uploads\/2017\/08\/future_member.jpg","width":1924,"height":225},{"@type":"BreadcrumbList","@id":"https:\/\/www.supbiotech.fr\/recherche-innovation-biotechnologie\/etudiants\/#breadcrumb","itemListElement":[{"@type":"ListItem","position":1,"name":"Home","item":"https:\/\/www.supbiotech.fr\/recherche-innovation-biotechnologie\/"},{"@type":"ListItem","position":2,"name":"Vous \u00eates \u00e9tudiant ?"}]},{"@type":"WebSite","@id":"https:\/\/www.supbiotech.fr\/recherche-innovation-biotechnologie\/#website","url":"https:\/\/www.supbiotech.fr\/recherche-innovation-biotechnologie\/","name":"La recherche \u00e0 SupBiotech","description":"","publisher":{"@id":"https:\/\/www.supbiotech.fr\/recherche-innovation-biotechnologie\/#organization"},"potentialAction":[{"@type":"SearchAction","target":{"@type":"EntryPoint","urlTemplate":"https:\/\/www.supbiotech.fr\/recherche-innovation-biotechnologie\/?s={search_term_string}"},"query-input":{"@type":"PropertyValueSpecification","valueRequired":true,"valueName":"search_term_string"}}],"inLanguage":"fr-FR"},{"@type":"Organization","@id":"https:\/\/www.supbiotech.fr\/recherche-innovation-biotechnologie\/#organization","name":"La recherche \u00e0 SupBiotech","url":"https:\/\/www.supbiotech.fr\/recherche-innovation-biotechnologie\/","logo":{"@type":"ImageObject","inLanguage":"fr-FR","@id":"https:\/\/www.supbiotech.fr\/recherche-innovation-biotechnologie\/#\/schema\/logo\/image\/","url":"https:\/\/www.supbiotech.fr\/recherche-innovation-biotechnologie\/wp-content\/uploads\/2024\/02\/Logo-SupBiotech.png","contentUrl":"https:\/\/www.supbiotech.fr\/recherche-innovation-biotechnologie\/wp-content\/uploads\/2024\/02\/Logo-SupBiotech.png","width":350,"height":164,"caption":"La recherche \u00e0 SupBiotech"},"image":{"@id":"https:\/\/www.supbiotech.fr\/recherche-innovation-biotechnologie\/#\/schema\/logo\/image\/"}}]}},"_links":{"self":[{"href":"https:\/\/www.supbiotech.fr\/recherche-innovation-biotechnologie\/wp-json\/wp\/v2\/pages\/523","targetHints":{"allow":["GET"]}}],"collection":[{"href":"https:\/\/www.supbiotech.fr\/recherche-innovation-biotechnologie\/wp-json\/wp\/v2\/pages"}],"about":[{"href":"https:\/\/www.supbiotech.fr\/recherche-innovation-biotechnologie\/wp-json\/wp\/v2\/types\/page"}],"author":[{"embeddable":true,"href":"https:\/\/www.supbiotech.fr\/recherche-innovation-biotechnologie\/wp-json\/wp\/v2\/users\/1"}],"replies":[{"embeddable":true,"href":"https:\/\/www.supbiotech.fr\/recherche-innovation-biotechnologie\/wp-json\/wp\/v2\/comments?post=523"}],"version-history":[{"count":8,"href":"https:\/\/www.supbiotech.fr\/recherche-innovation-biotechnologie\/wp-json\/wp\/v2\/pages\/523\/revisions"}],"predecessor-version":[{"id":4913,"href":"https:\/\/www.supbiotech.fr\/recherche-innovation-biotechnologie\/wp-json\/wp\/v2\/pages\/523\/revisions\/4913"}],"wp:featuredmedia":[{"embeddable":true,"href":"https:\/\/www.supbiotech.fr\/recherche-innovation-biotechnologie\/wp-json\/wp\/v2\/media\/252"}],"wp:attachment":[{"href":"https:\/\/www.supbiotech.fr\/recherche-innovation-biotechnologie\/wp-json\/wp\/v2\/media?parent=523"}],"curies":[{"name":"wp","href":"https:\/\/api.w.org\/{rel}","templated":true}]}}